{"id":315,"date":"2022-05-30T16:02:56","date_gmt":"2022-05-30T13:02:56","guid":{"rendered":"http:\/\/farmapluskozmetik.com\/?page_id=315"},"modified":"2022-10-01T18:24:01","modified_gmt":"2022-10-01T15:24:01","slug":"hakkimizda","status":"publish","type":"page","link":"https:\/\/farmapluskozmetik.com\/en\/hakkimizda\/","title":{"rendered":"OUR ABOUT"},"content":{"rendered":"<div class=\"row row-full-width align-center\"  id=\"row-664822835\">\n\n\n\t<div id=\"col-107932957\" class=\"col medium-4 small-12 large-4\"  >\n\t\t\t\t<div class=\"col-inner\"  >\n\t\t\t\n\t\t\t\n\n\t<div class=\"img has-hover x md-x lg-x y md-y lg-y\" id=\"image_1398995718\">\n\t\t\t\t\t\t\t\t<div class=\"img-inner dark\" >\n\t\t\t<img loading=\"lazy\" decoding=\"async\" width=\"1020\" height=\"248\" src=\"https:\/\/farmapluskozmetik.com\/wp-content\/uploads\/2022\/05\/farmaplus-1400x341.png\" class=\"attachment-large size-large\" alt=\"\" srcset=\"https:\/\/farmapluskozmetik.com\/wp-content\/uploads\/2022\/05\/farmaplus-1400x341.png 1400w, https:\/\/farmapluskozmetik.com\/wp-content\/uploads\/2022\/05\/farmaplus-600x146.png 600w, https:\/\/farmapluskozmetik.com\/wp-content\/uploads\/2022\/05\/farmaplus-800x195.png 800w, https:\/\/farmapluskozmetik.com\/wp-content\/uploads\/2022\/05\/farmaplus-768x187.png 768w, https:\/\/farmapluskozmetik.com\/wp-content\/uploads\/2022\/05\/farmaplus-1536x374.png 1536w, https:\/\/farmapluskozmetik.com\/wp-content\/uploads\/2022\/05\/farmaplus.png 1630w\" sizes=\"auto, (max-width: 1020px) 100vw, 1020px\" \/>\t\t\t\t\t\t\n\t\t\t\t\t<\/div>\n\t\t\t\t\t\t\t\t\n<style>\n#image_1398995718 {\n  width: 100%;\n}\n<\/style>\n\t<\/div>\n\t\n\n\n\t\t<\/div>\n\t\t\t\t\t<\/div>\n\n\t\n\n\t<div id=\"col-718671029\" class=\"col small-12 large-12\"  >\n\t\t\t\t<div class=\"col-inner\"  >\n\t\t\t\n\t\t\t\n\n<h3 style=\"text-align: justify;\">HAKKIMIZDA;<\/h3>\n<p style=\"text-align: justify;\">Farmaplus olarak biz y\u0131llar s\u00fcren sekt\u00f6r tecr\u00fcbemiz ve yenilik\u00e7i ve s\u0131rad\u0131\u015f\u0131 form\u00fclasyon zenginli\u011fimiz sayesinde sizlere geni\u015f bir \u00fcr\u00fcn yelpazesinde \u00fcretim imkan\u0131 sa\u011fl\u0131yoruz.<br \/>\u00dcr\u00fcn taleplerinize 15 y\u0131l\u0131 a\u015fk\u0131n d\u00fcnya kozmetik trendlerini takip eden tecr\u00fcbeli ekibimiz ile \u00e7\u00f6z\u00fcm sunmaktay\u0131z.<br \/>\u00d6zel \u00fcretim yapt\u0131rmak istedi\u011finiz t\u00fcm ki\u015fisel bak\u0131m \u00fcr\u00fcnlerini ( krem, \u015fampuan, bak\u0131m ya\u011flar\u0131, cilt bak\u0131m serumlar\u0131 vb.) fabrikam\u0131zda \u00fcretiyor ve sizlere en k\u0131sa zamanda teslim ediyoruz.<br \/>Sekt\u00f6r tecr\u00fcbemizi sizlerle payla\u015f\u0131yor ve yeni \u00fcr\u00fcn projelerinde sizleri bilgi sahibi olmad\u0131\u011f\u0131n\u0131z t\u00fcm konularda destekliyoruz.<br \/>Sizinle ger\u00e7ekle\u015ftirece\u011fimiz ilk g\u00f6r\u00fc\u015fme sonras\u0131 talepleriniz do\u011frultusunda birlikte karar verdi\u011fimiz ilk \u00fcr\u00fcn numunesi i\u00e7in \u00e7al\u0131\u015fmaya ba\u015fl\u0131yor ve en k\u0131sa zamanda size teslim ediyoruz. Geri bildirimlerinizin ard\u0131ndan varsa gerekli revizeler yap\u0131larak \u00fcr\u00fcn son haline getiriyoruz. \u00dcr\u00fcn i\u00e7eri\u011fi onayland\u0131ktan sonra hammadde, \u015fi\u015fe ve ambalaj tedari\u011fi tamamlan\u0131yor. Talep etti\u011finiz \u00fcr\u00fcn i\u00e7eri\u011finin hammadde miktar\u0131na ve tedarik s\u00fcrecine g\u00f6re \u00fcretim hacminizi belirliyoruz. Sizler i\u00e7in uygun olabilecek en minimum veya maksimum adetleri planl\u0131yoruz. Birlikte kararla\u015ft\u0131rd\u0131\u011f\u0131m\u0131z termin s\u00fcrecinde \u00fcr\u00fcnleriniz teslime haz\u0131r hale getiriyoruz.<\/p>\n\n\t\t<\/div>\n\t\t\t\t\t<\/div>\n\n\t\n\n\t<div id=\"col-366304932\" class=\"col small-12 large-12\"  >\n\t\t\t\t<div class=\"col-inner\"  >\n\t\t\t\n\t\t\t\n\n<h3 style=\"text-align: justify;\">MARKALARIMIZ;<\/h3>\n<h4 style=\"text-align: justify;\">SNOWO3<\/h4>\n<h4>DIBUAL<\/h4>\n<h4>FIONCE<\/h4>\n\n\t\t<\/div>\n\t\t\t\t\t<\/div>\n\n\t\n\n<\/div>","protected":false},"excerpt":{"rendered":"","protected":false},"author":1,"featured_media":0,"parent":0,"menu_order":0,"comment_status":"closed","ping_status":"closed","template":"","meta":{"footnotes":""},"class_list":["post-315","page","type-page","status-publish","hentry"],"_links":{"self":[{"href":"https:\/\/farmapluskozmetik.com\/en\/wp-json\/wp\/v2\/pages\/315","targetHints":{"allow":["GET"]}}],"collection":[{"href":"https:\/\/farmapluskozmetik.com\/en\/wp-json\/wp\/v2\/pages"}],"about":[{"href":"https:\/\/farmapluskozmetik.com\/en\/wp-json\/wp\/v2\/types\/page"}],"author":[{"embeddable":true,"href":"https:\/\/farmapluskozmetik.com\/en\/wp-json\/wp\/v2\/users\/1"}],"replies":[{"embeddable":true,"href":"https:\/\/farmapluskozmetik.com\/en\/wp-json\/wp\/v2\/comments?post=315"}],"version-history":[{"count":7,"href":"https:\/\/farmapluskozmetik.com\/en\/wp-json\/wp\/v2\/pages\/315\/revisions"}],"predecessor-version":[{"id":551,"href":"https:\/\/farmapluskozmetik.com\/en\/wp-json\/wp\/v2\/pages\/315\/revisions\/551"}],"wp:attachment":[{"href":"https:\/\/farmapluskozmetik.com\/en\/wp-json\/wp\/v2\/media?parent=315"}],"curies":[{"name":"wp","href":"https:\/\/api.w.org\/{rel}","templated":true}]}}