{"id":473,"date":"2022-10-01T17:38:26","date_gmt":"2022-10-01T14:38:26","guid":{"rendered":"https:\/\/farmapluskozmetik.com\/?page_id=473"},"modified":"2022-10-01T18:02:47","modified_gmt":"2022-10-01T15:02:47","slug":"sac-sampuanlari","status":"publish","type":"page","link":"https:\/\/farmapluskozmetik.com\/en\/sac-sampuanlari\/","title":{"rendered":"SA\u00c7 \u015eAMPUANLARI"},"content":{"rendered":"<div class=\"row\"  id=\"row-1889611212\">\n\n\n\t<div id=\"col-177093695\" class=\"col small-12 large-12\"  >\n\t\t\t\t<div class=\"col-inner\"  >\n\t\t\t\n\t\t\t\n\n<h2>SA\u00c7 \u015eAMPUANLARI<\/h2>\n<table width=\"225\">\n<tbody>\n<tr>\n<td width=\"225\">KEPEK \u015eAMPUANI<\/td>\n<\/tr>\n<tr>\n<td>D\u00d6K\u00dcLME KAR\u015eITI \u015eAMPUAN<\/td>\n<\/tr>\n<tr>\n<td>KERAT\u0130NL\u0130 \u015eAMPUAN<\/td>\n<\/tr>\n<tr>\n<td>ARINDIRICI \u015eAMPUAN<\/td>\n<\/tr>\n<tr>\n<td>TUZSUZ \u015eAMPUAN<\/td>\n<\/tr>\n<tr>\n<td>B\u0130OT\u0130NL\u0130 \u015eAMPUAN<\/td>\n<\/tr>\n<tr>\n<td>YA\u011eLI SA\u00c7LAR \u0130\u00c7\u0130N \u015eAMPUAN<\/td>\n<\/tr>\n<\/tbody>\n<\/table>\n\n\t\t<\/div>\n\t\t\t\t\t<\/div>\n\n\t\n\n<\/div>","protected":false},"excerpt":{"rendered":"","protected":false},"author":1,"featured_media":0,"parent":0,"menu_order":0,"comment_status":"closed","ping_status":"closed","template":"","meta":{"footnotes":""},"class_list":["post-473","page","type-page","status-publish","hentry"],"_links":{"self":[{"href":"https:\/\/farmapluskozmetik.com\/en\/wp-json\/wp\/v2\/pages\/473","targetHints":{"allow":["GET"]}}],"collection":[{"href":"https:\/\/farmapluskozmetik.com\/en\/wp-json\/wp\/v2\/pages"}],"about":[{"href":"https:\/\/farmapluskozmetik.com\/en\/wp-json\/wp\/v2\/types\/page"}],"author":[{"embeddable":true,"href":"https:\/\/farmapluskozmetik.com\/en\/wp-json\/wp\/v2\/users\/1"}],"replies":[{"embeddable":true,"href":"https:\/\/farmapluskozmetik.com\/en\/wp-json\/wp\/v2\/comments?post=473"}],"version-history":[{"count":2,"href":"https:\/\/farmapluskozmetik.com\/en\/wp-json\/wp\/v2\/pages\/473\/revisions"}],"predecessor-version":[{"id":529,"href":"https:\/\/farmapluskozmetik.com\/en\/wp-json\/wp\/v2\/pages\/473\/revisions\/529"}],"wp:attachment":[{"href":"https:\/\/farmapluskozmetik.com\/en\/wp-json\/wp\/v2\/media?parent=473"}],"curies":[{"name":"wp","href":"https:\/\/api.w.org\/{rel}","templated":true}]}}