{"id":483,"date":"2022-10-01T17:40:52","date_gmt":"2022-10-01T14:40:52","guid":{"rendered":"https:\/\/farmapluskozmetik.com\/?page_id=483"},"modified":"2022-10-01T18:20:25","modified_gmt":"2022-10-01T15:20:25","slug":"cilt-serumlari","status":"publish","type":"page","link":"https:\/\/farmapluskozmetik.com\/en\/cilt-serumlari\/","title":{"rendered":"C\u0130LT SERUMLARI"},"content":{"rendered":"<div class=\"row\"  id=\"row-734890175\">\n\n\n\t<div id=\"col-1623564911\" class=\"col small-12 large-12\"  >\n\t\t\t\t<div class=\"col-inner\"  >\n\t\t\t\n\t\t\t\n\n<h2><strong>C\u0130LT SERUMLARI<\/strong><\/h2>\n<table width=\"196\">\n<tbody>\n<tr>\n<td width=\"196\">LEKE SERUMU<\/td>\n<\/tr>\n<tr>\n<td>C SERUM<\/td>\n<\/tr>\n<tr>\n<td>KOLAJEN SERUM<\/td>\n<\/tr>\n<tr>\n<td>N\u0130AC\u0130NAM\u0130DE SERUM<\/td>\n<\/tr>\n<tr>\n<td>NEMLEND\u0130R\u0130C\u0130 SERUM<\/td>\n<\/tr>\n<tr>\n<td>ARBUT\u0130N SERUM<\/td>\n<\/tr>\n<tr>\n<td>ANT\u0130AGE SERUM<\/td>\n<\/tr>\n<\/tbody>\n<\/table>\n<h2><strong>\u00a0<\/strong><\/h2>\n\n\t\t<\/div>\n\t\t\t\t\t<\/div>\n\n\t\n\n<\/div>","protected":false},"excerpt":{"rendered":"","protected":false},"author":1,"featured_media":0,"parent":0,"menu_order":0,"comment_status":"closed","ping_status":"closed","template":"","meta":{"footnotes":""},"class_list":["post-483","page","type-page","status-publish","hentry"],"_links":{"self":[{"href":"https:\/\/farmapluskozmetik.com\/en\/wp-json\/wp\/v2\/pages\/483","targetHints":{"allow":["GET"]}}],"collection":[{"href":"https:\/\/farmapluskozmetik.com\/en\/wp-json\/wp\/v2\/pages"}],"about":[{"href":"https:\/\/farmapluskozmetik.com\/en\/wp-json\/wp\/v2\/types\/page"}],"author":[{"embeddable":true,"href":"https:\/\/farmapluskozmetik.com\/en\/wp-json\/wp\/v2\/users\/1"}],"replies":[{"embeddable":true,"href":"https:\/\/farmapluskozmetik.com\/en\/wp-json\/wp\/v2\/comments?post=483"}],"version-history":[{"count":3,"href":"https:\/\/farmapluskozmetik.com\/en\/wp-json\/wp\/v2\/pages\/483\/revisions"}],"predecessor-version":[{"id":549,"href":"https:\/\/farmapluskozmetik.com\/en\/wp-json\/wp\/v2\/pages\/483\/revisions\/549"}],"wp:attachment":[{"href":"https:\/\/farmapluskozmetik.com\/en\/wp-json\/wp\/v2\/media?parent=483"}],"curies":[{"name":"wp","href":"https:\/\/api.w.org\/{rel}","templated":true}]}}